{"id":2240,"date":"2024-03-26T06:39:46","date_gmt":"2024-03-26T06:39:46","guid":{"rendered":"https:\/\/demo.bravisthemes.com\/gurus\/?page_id=2240"},"modified":"2025-12-15T17:54:50","modified_gmt":"2025-12-15T17:54:50","slug":"referans","status":"publish","type":"page","link":"https:\/\/no26yapi.com\/?page_id=2240","title":{"rendered":"Referanslar\u0131m\u0131z"},"content":{"rendered":"\t\t<div data-elementor-type=\"wp-page\" data-elementor-id=\"2240\" class=\"elementor elementor-2240\">\n\t\t\t\t        <section class=\"elementor-section elementor-top-section elementor-element elementor-element-8713853 elementor-section-stretched elementor-section-boxed elementor-section-height-default elementor-section-height-default pxl-row-scroll-none pxl-zoom-point-false pxl-section-overflow-visible pxl-section-fix-none pxl-bg-color-none pxl-section-overlay-none\" data-id=\"8713853\" data-element_type=\"section\" data-settings=\"{&quot;stretch_section&quot;:&quot;section-stretched&quot;}\">\n\n                \n                <div class=\"elementor-container elementor-column-gap-extended \">\n                <div class=\"elementor-column elementor-col-100 elementor-top-column elementor-element elementor-element-886bead pxl-column-none pxl-column-overflow-hidden-no\" data-id=\"886bead\" data-element_type=\"column\">\r\n        <div class=\"elementor-widget-wrap elementor-element-populated\">\r\n                     \r\n        \t\t<div class=\"elementor-element elementor-element-78ddcee elementor-widget__width-auto elementor-widget-laptop__width-initial elementor-widget-tablet__width-inherit elementor-widget elementor-widget-pxl_heading\" data-id=\"78ddcee\" data-element_type=\"widget\" data-widget_type=\"pxl_heading.default\">\n\t\t\t\t<div class=\"elementor-widget-container\">\n\t\t\t\t\t\n<div id=\"pxl-pxl_heading-78ddcee-3266\" class=\"pxl-heading   \" >\n\t<div class=\"pxl-heading--container\" >\n\t\t<div class=\"pxl-heading--inner\">\n\t\t\t\t\t\t\t\t\t<h2 class=\"pxl-item--title pxl-heading-style-1  wow fadeInUp\" data-wow-delay=\"ms\">\n\t\t\t\t            <span class=\"pxl-title--highlight\">\n                Ba\u015far\u0131m\u0131z\u0131n En B\u00fcy\u00fck Kan\u0131t\u0131,              <\/span>\n         Mutlu M\u00fc\u015fterilerimiz ve G\u00fc\u00e7l\u00fc \u0130\u015f Ortaklar\u0131m\u0131zd\u0131r.\t\t\t\t\t\n\t\t\t\t\t\t\t<\/h2>\n\t\t<\/div>\n\t\t\n\t<\/div>\n<\/div>\n\t\t\t\t<\/div>\n\t\t\t\t<\/div>\n\t\t\t\t<div class=\"elementor-element elementor-element-488e1ae elementor-widget__width-auto elementor-widget-laptop__width-initial elementor-widget-tablet__width-inherit elementor-widget elementor-widget-pxl_text_editor\" data-id=\"488e1ae\" data-element_type=\"widget\" data-widget_type=\"pxl_text_editor.default\">\n\t\t\t\t<div class=\"elementor-widget-container\">\n\t\t\t\t\t<div class=\"pxl-text-editor\">\n\t<div class=\"pxl-item--inner pxl-p2  \" data-wow-delay=\"ms\">\n\t\t<p>Sekt\u00f6rdeki 17 y\u0131ll\u0131k yolculu\u011fumuzda, elde etti\u011fimiz ba\u015far\u0131n\u0131n en b\u00fcy\u00fck mimar\u0131, birlikte yol y\u00fcr\u00fcd\u00fc\u011f\u00fcm\u00fcz de\u011ferli i\u015f ortaklar\u0131m\u0131z ve bize g\u00fcvenen m\u00fc\u015fterilerimizdir. Her projede en iyisini sunmak i\u00e7in kurdu\u011fumuz bu g\u00fc\u00e7l\u00fc i\u015f birlikleriyle gurur duyuyoruz.<\/p>\t\t\n\t<\/div>\n<\/div>\t\t\t\t<\/div>\n\t\t\t\t<\/div>\n\t\t            <\/div>\r\n        <\/div>\r\n        \t\t\t<\/div>\n\t\t<\/section>\n\t\t        <section class=\"elementor-section elementor-top-section elementor-element elementor-element-c13b44d elementor-section-stretched elementor-section-boxed elementor-section-height-default elementor-section-height-default pxl-row-scroll-none pxl-zoom-point-false pxl-section-overflow-visible pxl-section-fix-none pxl-bg-color-none pxl-section-overlay-none\" data-id=\"c13b44d\" data-element_type=\"section\" data-settings=\"{&quot;background_background&quot;:&quot;classic&quot;,&quot;stretch_section&quot;:&quot;section-stretched&quot;}\">\n\n                \n                <div class=\"elementor-container elementor-column-gap-extended \">\n                <div class=\"elementor-column elementor-col-100 elementor-top-column elementor-element elementor-element-86667a9 pxl-column-none pxl-column-overflow-hidden-no\" data-id=\"86667a9\" data-element_type=\"column\">\r\n        <div class=\"elementor-widget-wrap elementor-element-populated\">\r\n                     \r\n        \t\t<div class=\"elementor-element elementor-element-5a14a1b elementor-widget elementor-widget-pxl_partner_carousel\" data-id=\"5a14a1b\" data-element_type=\"widget\" data-widget_type=\"pxl_partner_carousel.default\">\n\t\t\t\t<div class=\"elementor-widget-container\">\n\t\t\t\t\t\n    <div class=\"pxl-swiper-slider pxl-partner-carousel pxl-partner-carousel1  \">\n        <div class=\"pxl-carousel-inner\">\n            <div class=\"pxl-swiper-container\" dir=\"ltr\" data-settings=\"{&quot;slide_direction&quot;:&quot;horizontal&quot;,&quot;slide_percolumn&quot;:3,&quot;slide_mode&quot;:&quot;slide&quot;,&quot;slides_to_show&quot;:4,&quot;slides_to_show_xxl&quot;:5,&quot;slides_to_show_lg&quot;:3,&quot;slides_to_show_md&quot;:3,&quot;slides_to_show_sm&quot;:2,&quot;slides_to_show_xs&quot;:1,&quot;slides_to_scroll&quot;:1,&quot;arrow&quot;:false,&quot;pagination&quot;:false,&quot;pagination_type&quot;:&quot;bullets&quot;,&quot;autoplay&quot;:true,&quot;pause_on_hover&quot;:false,&quot;pause_on_interaction&quot;:true,&quot;delay&quot;:1500,&quot;loop&quot;:true,&quot;speed&quot;:500}\">\n                <div class=\"pxl-swiper-wrapper\">\n                                                                    <div class=\"pxl-swiper-slide \" data-wow-delay=\"0ms\">\n                            <div class=\"pxl-item--inner\" >\n                                <div class=\"pxl-item--logo\">\n                                                                            <img decoding=\"async\" width=\"189\" height=\"46\" src=\"https:\/\/no26yapi.com\/wp-content\/uploads\/2024\/03\/partner-1.png\" class=\"no-lazyload attachment-full\" alt=\"\" \/>                                                                                                        <\/div>\n                                <a class=\"pxl-item--link\" href=\"#\"><\/a>\n                           <\/div>\n                        <\/div>\n                                                                    <div class=\"pxl-swiper-slide \" data-wow-delay=\"0ms\">\n                            <div class=\"pxl-item--inner\" >\n                                <div class=\"pxl-item--logo\">\n                                                                            <img decoding=\"async\" width=\"140\" height=\"55\" src=\"https:\/\/no26yapi.com\/wp-content\/uploads\/2024\/03\/partner-2.png\" class=\"no-lazyload attachment-full\" alt=\"\" \/>                                                                                                        <\/div>\n                                <a class=\"pxl-item--link\" href=\"#\"><\/a>\n                           <\/div>\n                        <\/div>\n                                                                    <div class=\"pxl-swiper-slide \" data-wow-delay=\"0ms\">\n                            <div class=\"pxl-item--inner\" >\n                                <div class=\"pxl-item--logo\">\n                                                                            <img decoding=\"async\" width=\"160\" height=\"55\" src=\"https:\/\/no26yapi.com\/wp-content\/uploads\/2024\/04\/partner-3.png\" class=\"no-lazyload attachment-full\" alt=\"\" \/>                                                                                                        <\/div>\n                                <a class=\"pxl-item--link\" href=\"#\"><\/a>\n                           <\/div>\n                        <\/div>\n                                                                    <div class=\"pxl-swiper-slide \" data-wow-delay=\"0ms\">\n                            <div class=\"pxl-item--inner\" >\n                                <div class=\"pxl-item--logo\">\n                                                                            <img loading=\"lazy\" decoding=\"async\" width=\"141\" height=\"39\" src=\"https:\/\/no26yapi.com\/wp-content\/uploads\/2024\/03\/partner-4.png\" class=\"no-lazyload attachment-full\" alt=\"\" \/>                                                                                                        <\/div>\n                                <a class=\"pxl-item--link\" href=\"#\"><\/a>\n                           <\/div>\n                        <\/div>\n                                                                    <div class=\"pxl-swiper-slide \" data-wow-delay=\"0ms\">\n                            <div class=\"pxl-item--inner\" >\n                                <div class=\"pxl-item--logo\">\n                                                                            <img loading=\"lazy\" decoding=\"async\" width=\"221\" height=\"60\" src=\"https:\/\/no26yapi.com\/wp-content\/uploads\/2024\/04\/partner-5.png\" class=\"no-lazyload attachment-full\" alt=\"\" \/>                                                                                                        <\/div>\n                                <a class=\"pxl-item--link\" href=\"#\"><\/a>\n                           <\/div>\n                        <\/div>\n                                    <\/div>\n            <\/div>\n        <\/div>\n    <\/div>\n\t\t\t\t<\/div>\n\t\t\t\t<\/div>\n\t\t            <\/div>\r\n        <\/div>\r\n        \t\t\t<\/div>\n\t\t<\/section>\n\t\t\t\t<\/div>\n\t\t","protected":false},"excerpt":{"rendered":"<p>Ba\u015far\u0131m\u0131z\u0131n En B\u00fcy\u00fck Kan\u0131t\u0131, Mutlu M\u00fc\u015fterilerimiz ve G\u00fc\u00e7l\u00fc \u0130\u015f Ortaklar\u0131m\u0131zd\u0131r. Sekt\u00f6rdeki 17 y\u0131ll\u0131k yolculu\u011fumuzda, elde etti\u011fimiz ba\u015far\u0131n\u0131n en b\u00fcy\u00fck mimar\u0131, birlikte yol y\u00fcr\u00fcd\u00fc\u011f\u00fcm\u00fcz de\u011ferli i\u015f ortaklar\u0131m\u0131z ve bize g\u00fcvenen m\u00fc\u015fterilerimizdir. Her projede en iyisini sunmak i\u00e7in kurdu\u011fumuz bu g\u00fc\u00e7l\u00fc i\u015f birlikleriyle gurur duyuyoruz.<\/p>\n","protected":false},"author":1,"featured_media":0,"parent":0,"menu_order":0,"comment_status":"closed","ping_status":"closed","template":"","meta":{"footnotes":""},"class_list":["post-2240","page","type-page","status-publish","hentry"],"_links":{"self":[{"href":"https:\/\/no26yapi.com\/index.php?rest_route=\/wp\/v2\/pages\/2240","targetHints":{"allow":["GET"]}}],"collection":[{"href":"https:\/\/no26yapi.com\/index.php?rest_route=\/wp\/v2\/pages"}],"about":[{"href":"https:\/\/no26yapi.com\/index.php?rest_route=\/wp\/v2\/types\/page"}],"author":[{"embeddable":true,"href":"https:\/\/no26yapi.com\/index.php?rest_route=\/wp\/v2\/users\/1"}],"replies":[{"embeddable":true,"href":"https:\/\/no26yapi.com\/index.php?rest_route=%2Fwp%2Fv2%2Fcomments&post=2240"}],"version-history":[{"count":5,"href":"https:\/\/no26yapi.com\/index.php?rest_route=\/wp\/v2\/pages\/2240\/revisions"}],"predecessor-version":[{"id":24380,"href":"https:\/\/no26yapi.com\/index.php?rest_route=\/wp\/v2\/pages\/2240\/revisions\/24380"}],"wp:attachment":[{"href":"https:\/\/no26yapi.com\/index.php?rest_route=%2Fwp%2Fv2%2Fmedia&parent=2240"}],"curies":[{"name":"wp","href":"https:\/\/api.w.org\/{rel}","templated":true}]}}