{"id":2161,"date":"2024-03-26T02:00:16","date_gmt":"2024-03-26T02:00:16","guid":{"rendered":"https:\/\/demo.bravisthemes.com\/gurus\/?page_id=2161"},"modified":"2025-12-15T19:22:53","modified_gmt":"2025-12-15T19:22:53","slug":"sss","status":"publish","type":"page","link":"https:\/\/no26yapi.com\/?page_id=2161","title":{"rendered":"S\u0131k Sorulan Sorular"},"content":{"rendered":"\t\t<div data-elementor-type=\"wp-page\" data-elementor-id=\"2161\" class=\"elementor elementor-2161\">\n\t\t\t\t        <section class=\"elementor-section elementor-top-section elementor-element elementor-element-d8ef166 elementor-section-stretched pxl-row-scroll-fixed elementor-section-boxed elementor-section-height-default elementor-section-height-default pxl-zoom-point-false pxl-section-overflow-visible pxl-section-fix-none pxl-bg-color-none pxl-section-overlay-none\" data-id=\"d8ef166\" data-element_type=\"section\" data-settings=\"{&quot;stretch_section&quot;:&quot;section-stretched&quot;}\">\n\n                \n                <div class=\"elementor-container elementor-column-gap-extended \">\n                <div class=\"elementor-column elementor-col-50 elementor-top-column elementor-element elementor-element-6bbf7e2 pxl-column-sticky pxl-column-overflow-hidden-no\" data-id=\"6bbf7e2\" data-element_type=\"column\">\r\n        <div class=\"elementor-widget-wrap elementor-element-populated\">\r\n                     \r\n        \t\t<div class=\"elementor-element elementor-element-c822c08 elementor-widget elementor-widget-pxl_heading\" data-id=\"c822c08\" data-element_type=\"widget\" data-widget_type=\"pxl_heading.default\">\n\t\t\t\t<div class=\"elementor-widget-container\">\n\t\t\t\t\t\n<div id=\"pxl-pxl_heading-c822c08-9475\" class=\"pxl-heading  pxl-subtitle-box-3\" >\n\t<div class=\"pxl-heading--container\" >\n\t\t<div class=\"pxl-heading--inner\">\n\t\t\t\t\t\t\t<div class=\"pxl-item--subtitle wow fadeInUp\" data-wow-delay=\"ms\">\n\t\t\t\t\t<span class=\"pxl-item--subtext \">\n\t\t\t\t\t\tSIK SORULAN SORULAR\t\t\t\t\t<\/span>\n\t\t\t\t<\/div>\n\t\t\t\t\t\t\t\t\t<h2 class=\"pxl-item--title pxl-heading-default  wow fadeInUp\" data-wow-delay=\"ms\">\n\t\t\t\tAkl\u0131n\u0131za Tak\u0131lan T\u00fcm Sorular\u0131 Sizin \u0130\u00e7in Cevaplad\u0131k\t\t\t\t\t\n\t\t\t\t\t\t\t<\/h2>\n\t\t<\/div>\n\t\t\n\t<\/div>\n<\/div>\n\t\t\t\t<\/div>\n\t\t\t\t<\/div>\n\t\t\t\t<div class=\"elementor-element elementor-element-ab861f6 elementor-widget elementor-widget-pxl_text_editor\" data-id=\"ab861f6\" data-element_type=\"widget\" data-widget_type=\"pxl_text_editor.default\">\n\t\t\t\t<div class=\"elementor-widget-container\">\n\t\t\t\t\t<div class=\"pxl-text-editor\">\n\t<div class=\"pxl-item--inner    \" data-wow-delay=\"ms\">\n\t\t<p>\u0130n\u015faat, tadilat veya kentsel d\u00f6n\u00fc\u015f\u00fcm s\u00fcre\u00e7leri karma\u015f\u0131k g\u00f6r\u00fcnebilir. No:26 Yap\u0131 olarak, s\u00fcre\u00e7lerimizi \u015feffafl\u0131kla y\u00fcr\u00fct\u00fcyor, akl\u0131n\u0131zdaki soru i\u015faretlerini gidermek i\u00e7in en \u00e7ok merak edilen konular\u0131 a\u015fa\u011f\u0131da a\u00e7\u0131kl\u0131yoruz. Listede olmayan bir sorunuz varsa, bize ula\u015fmaktan \u00e7ekinmeyin.<\/p>\t\t\n\t<\/div>\n<\/div>\t\t\t\t<\/div>\n\t\t\t\t<\/div>\n\t\t\t\t<div class=\"elementor-element elementor-element-bf4d3d6 elementor-widget elementor-widget-pxl_button\" data-id=\"bf4d3d6\" data-element_type=\"widget\" data-widget_type=\"pxl_button.default\">\n\t\t\t\t<div class=\"elementor-widget-container\">\n\t\t\t\t\t<div class=\"pxl-button\">\r\n    <div class=\"pxl-item--container\">\r\n        <div class=\"pxl-item--inner\">\r\n            <a class=\"btn pxl-item--button pxl-btn-default pxl-btn-large pxl-btn-border pxl-btn-dark  pxl-hover-default   wow fadeInUp \" href=\"https:\/\/no26yapi.com\/iletisim\/\" data-wow-delay=\"ms\" data-text=\"\u0130LET\u0130\u015e\u0130M\">\r\n                <span class=\"pxl-btn--text\">\u0130LET\u0130\u015e\u0130M<\/span>\r\n                                                            <i class=\"pxl-icon--default flaticon flaticon-up-right-arrow\"><\/i>\r\n                                                <\/a>\r\n        <\/div>\r\n    <\/div>\r\n<\/div>\r\n\r\n\t\t\t\t<\/div>\n\t\t\t\t<\/div>\n\t\t            <\/div>\r\n        <\/div>\r\n                <div class=\"elementor-column elementor-col-50 elementor-top-column elementor-element elementor-element-15b421b pxl-column-none pxl-column-overflow-hidden-no\" data-id=\"15b421b\" data-element_type=\"column\">\r\n        <div class=\"elementor-widget-wrap elementor-element-populated\">\r\n                     \r\n        \t\t<div class=\"elementor-element elementor-element-d2d0d32 elementor-invisible elementor-widget elementor-widget-pxl_accordion\" data-id=\"d2d0d32\" data-element_type=\"widget\" data-settings=\"{&quot;_animation&quot;:&quot;fadeIn&quot;}\" data-widget_type=\"pxl_accordion.default\">\n\t\t\t\t<div class=\"elementor-widget-container\">\n\t\t\t\t\t    <div class=\"pxl-accordion pxl-accordion1 pxl-accordion-style-default  \" data-wow-delay=\"ms\">\r\n                    <div class=\"pxl--item active\">\r\n                <h5 class=\"pxl-accordion--title\" data-target=\"#pxl_accordion-d2d0d32-8146-004aad0\">\r\n                                        <span class=\"pxl-title--text\">Projelerinizde hangi kalite standartlar\u0131n\u0131 uyguluyorsunuz?<\/span>\r\n                    <span class=\"pxl-icon--action \"><\/i><\/span>\r\n                <\/h5>\r\n                <div id=\"pxl_accordion-d2d0d32-8146-004aad0\" class=\"pxl-accordion--content pxl-p3\" style=\"display: block;\">T\u00fcm projelerimizde son deprem y\u00f6netmeliklerine (TBDY 2018) harfiyen uyuyoruz. C30-C35 s\u0131n\u0131f\u0131 haz\u0131r beton ve nerv\u00fcrl\u00fc \u00e7elik kullan\u0131yoruz. \u0130nce i\u015f\u00e7ilikte ise TSE belgeli, 1. s\u0131n\u0131f markalarla (Vitra, \u00c7anakkale Seramik, Jotun vb.) \u00e7al\u0131\u015farak uzun \u00f6m\u00fcrl\u00fc ya\u015fam alanlar\u0131 \u00fcretiyoruz.<\/div>\r\n            <\/div>\r\n                    <div class=\"pxl--item \">\r\n                <h5 class=\"pxl-accordion--title\" data-target=\"#pxl_accordion-d2d0d32-8146-4127c4c\">\r\n                                        <span class=\"pxl-title--text\">Bir konut projesinin tamamlanmas\u0131 ne kadar s\u00fcrer?<\/span>\r\n                    <span class=\"pxl-icon--action \"><\/i><\/span>\r\n                <\/h5>\r\n                <div id=\"pxl_accordion-d2d0d32-8146-4127c4c\" class=\"pxl-accordion--content pxl-p3\" >S\u00fcre, projenin b\u00fcy\u00fckl\u00fc\u011f\u00fcne ve kat say\u0131s\u0131na g\u00f6re de\u011fi\u015fmekle birlikte; ortalama bir apartman projesini 12 ile 18 ay aras\u0131nda, villa projelerini ise 8-12 ay i\u00e7erisinde anahtar teslim olarak tamaml\u0131yoruz. S\u00f6zle\u015fmede belirtti\u011fimiz tarihe sad\u0131k kalmak en b\u00fcy\u00fck \u00f6nceli\u011fimizdir.<\/div>\r\n            <\/div>\r\n                    <div class=\"pxl--item \">\r\n                <h5 class=\"pxl-accordion--title\" data-target=\"#pxl_accordion-d2d0d32-8146-94fa07e\">\r\n                                        <span class=\"pxl-title--text\">Daire i\u00e7 mekanlar\u0131nda ki\u015fiye \u00f6zel de\u011fi\u015fiklik yap\u0131yor musunuz?<\/span>\r\n                    <span class=\"pxl-icon--action \"><\/i><\/span>\r\n                <\/h5>\r\n                <div id=\"pxl_accordion-d2d0d32-8146-94fa07e\" class=\"pxl-accordion--content pxl-p3\" >Evet. \u0130n\u015faat\u0131n belirli bir a\u015famas\u0131na kadar (kaba in\u015faat bitip ince i\u015flere ge\u00e7ilmeden \u00f6nce), mutfak dolab\u0131 renkleri, seramik se\u00e7imleri, parke modelleri ve i\u00e7 duvar yerle\u015fimlerinde zevkinize uygun de\u011fi\u015fiklikler yapabiliyoruz.<\/div>\r\n            <\/div>\r\n                    <div class=\"pxl--item \">\r\n                <h5 class=\"pxl-accordion--title\" data-target=\"#pxl_accordion-d2d0d32-8146-2d211bf\">\r\n                                        <span class=\"pxl-title--text\">Binam\u0131z\u0131 kentsel d\u00f6n\u00fc\u015f\u00fcme sokmak i\u00e7in s\u00fcre\u00e7 nas\u0131l i\u015fliyor?<\/span>\r\n                    <span class=\"pxl-icon--action \"><\/i><\/span>\r\n                <\/h5>\r\n                <div id=\"pxl_accordion-d2d0d32-8146-2d211bf\" class=\"pxl-accordion--content pxl-p3\" >\u00d6ncelikle binan\u0131z i\u00e7in lisansl\u0131 kurulu\u015flarca 'Riskli Yap\u0131 Tespiti' yap\u0131lmas\u0131 gerekir. Raporun onaylanmas\u0131n\u0131n ard\u0131ndan, kat maliklerinin 2\/3 \u00e7o\u011funlu\u011fu ile karar al\u0131n\u0131r. No:26 Yap\u0131 olarak, resmi ba\u015fvurulardan y\u0131k\u0131m ve yeniden yap\u0131m a\u015famas\u0131na kadar t\u00fcm hukuki ve teknik s\u00fcreci sizin ad\u0131n\u0131za y\u00f6netiyoruz.<\/div>\r\n            <\/div>\r\n                    <div class=\"pxl--item \">\r\n                <h5 class=\"pxl-accordion--title\" data-target=\"#pxl_accordion-d2d0d32-8146-c38c78f\">\r\n                                        <span class=\"pxl-title--text\">Anahtar Teslim\" hizmetiniz neleri kaps\u0131yor?<\/span>\r\n                    <span class=\"pxl-icon--action \"><\/i><\/span>\r\n                <\/h5>\r\n                <div id=\"pxl_accordion-d2d0d32-8146-c38c78f\" class=\"pxl-accordion--content pxl-p3\" >Anahtar teslim; projenin temelden \u00e7at\u0131ya bitirilmesi, t\u00fcm tesisat, boya, mobilya montajlar\u0131n\u0131n yap\u0131lmas\u0131 ve en \u00f6nemlisi \"Yap\u0131 Kullan\u0131m \u0130zin Belgesi\"nin (\u0130skan) al\u0131narak size teslim edilmesini kapsar. Siz sadece e\u015fyalar\u0131n\u0131z\u0131 getirip yerle\u015firsiniz.<\/div>\r\n            <\/div>\r\n                    <div class=\"pxl--item \">\r\n                <h5 class=\"pxl-accordion--title\" data-target=\"#pxl_accordion-d2d0d32-8146-3d4e89a\">\r\n                                        <span class=\"pxl-title--text\">Tadilat ve dekorasyon i\u015flerinde fiyatland\u0131rma nas\u0131l yap\u0131l\u0131yor?<\/span>\r\n                    <span class=\"pxl-icon--action \"><\/i><\/span>\r\n                <\/h5>\r\n                <div id=\"pxl_accordion-d2d0d32-8146-3d4e89a\" class=\"pxl-accordion--content pxl-p3\" >Tadilat yap\u0131lacak alanda \u00fccretsiz ke\u015fif yap\u0131yoruz. \u0130htiya\u00e7lar\u0131n\u0131z\u0131 ve isteklerinizi dinledikten sonra, kullan\u0131lacak malzemeleri ve yap\u0131lacak i\u015f\u00e7ili\u011fi kalem kalem detayland\u0131rd\u0131\u011f\u0131m\u0131z \u015feffaf bir fiyat teklifi sunuyoruz. S\u00fcrpriz maliyetlerle kar\u015f\u0131la\u015fman\u0131z\u0131 engelliyoruz.<\/div>\r\n            <\/div>\r\n                    <div class=\"pxl--item \">\r\n                <h5 class=\"pxl-accordion--title\" data-target=\"#pxl_accordion-d2d0d32-8146-348a759\">\r\n                                        <span class=\"pxl-title--text\">Sat\u0131\u015f sonras\u0131 destek veya garanti veriyor musunuz?<\/span>\r\n                    <span class=\"pxl-icon--action \"><\/i><\/span>\r\n                <\/h5>\r\n                <div id=\"pxl_accordion-d2d0d32-8146-348a759\" class=\"pxl-accordion--content pxl-p3\" >Kesinlikle. Teslim etti\u011fimiz konutlarda, kullan\u0131mdan kaynaklanmayan malzeme ve i\u015f\u00e7ilik hatalar\u0131na kar\u015f\u0131 2 y\u0131l boyunca teknik destek garantisi veriyoruz. Bizimle i\u015finiz anahtar\u0131 ald\u0131\u011f\u0131n\u0131zda bitmez, her zaman yan\u0131n\u0131zday\u0131z.<\/div>\r\n            <\/div>\r\n                    <div class=\"pxl--item \">\r\n                <h5 class=\"pxl-accordion--title\" data-target=\"#pxl_accordion-d2d0d32-8146-8904a70\">\r\n                                        <span class=\"pxl-title--text\">Kat kar\u015f\u0131l\u0131\u011f\u0131 in\u015faat yap\u0131yor musunuz?<\/span>\r\n                    <span class=\"pxl-icon--action \"><\/i><\/span>\r\n                <\/h5>\r\n                <div id=\"pxl_accordion-d2d0d32-8146-8904a70\" class=\"pxl-accordion--content pxl-p3\" >Evet, arsa veya mevcut binan\u0131z i\u00e7in kat kar\u015f\u0131l\u0131\u011f\u0131 proje geli\u015ftiriyoruz. B\u00f6lgenin imar durumuna g\u00f6re en verimli projeyi haz\u0131rlay\u0131p, arsa sahiplerine en y\u00fcksek de\u011feri kazand\u0131racak adil bir payla\u015f\u0131m modeli sunuyoruz.<\/div>\r\n            <\/div>\r\n            <\/div>\r\n\t\t\t\t<\/div>\n\t\t\t\t<\/div>\n\t\t            <\/div>\r\n        <\/div>\r\n        \t\t\t<\/div>\n\t\t<\/section>\n\t\t\t\t<\/div>\n\t\t","protected":false},"excerpt":{"rendered":"<p>SIK SORULAN SORULAR Akl\u0131n\u0131za Tak\u0131lan T\u00fcm Sorular\u0131 Sizin \u0130\u00e7in Cevaplad\u0131k \u0130n\u015faat, tadilat veya kentsel d\u00f6n\u00fc\u015f\u00fcm s\u00fcre\u00e7leri karma\u015f\u0131k g\u00f6r\u00fcnebilir. No:26 Yap\u0131 olarak, s\u00fcre\u00e7lerimizi \u015feffafl\u0131kla y\u00fcr\u00fct\u00fcyor, akl\u0131n\u0131zdaki soru i\u015faretlerini gidermek i\u00e7in en \u00e7ok merak edilen konular\u0131 a\u015fa\u011f\u0131da a\u00e7\u0131kl\u0131yoruz. Listede olmayan bir sorunuz varsa, bize ula\u015fmaktan \u00e7ekinmeyin. \u0130LET\u0130\u015e\u0130M Projelerinizde hangi kalite standartlar\u0131n\u0131 uyguluyorsunuz? T\u00fcm projelerimizde son deprem y\u00f6netmeliklerine [&hellip;]<\/p>\n","protected":false},"author":1,"featured_media":0,"parent":0,"menu_order":0,"comment_status":"closed","ping_status":"closed","template":"","meta":{"footnotes":""},"class_list":["post-2161","page","type-page","status-publish","hentry"],"_links":{"self":[{"href":"https:\/\/no26yapi.com\/index.php?rest_route=\/wp\/v2\/pages\/2161","targetHints":{"allow":["GET"]}}],"collection":[{"href":"https:\/\/no26yapi.com\/index.php?rest_route=\/wp\/v2\/pages"}],"about":[{"href":"https:\/\/no26yapi.com\/index.php?rest_route=\/wp\/v2\/types\/page"}],"author":[{"embeddable":true,"href":"https:\/\/no26yapi.com\/index.php?rest_route=\/wp\/v2\/users\/1"}],"replies":[{"embeddable":true,"href":"https:\/\/no26yapi.com\/index.php?rest_route=%2Fwp%2Fv2%2Fcomments&post=2161"}],"version-history":[{"count":4,"href":"https:\/\/no26yapi.com\/index.php?rest_route=\/wp\/v2\/pages\/2161\/revisions"}],"predecessor-version":[{"id":24449,"href":"https:\/\/no26yapi.com\/index.php?rest_route=\/wp\/v2\/pages\/2161\/revisions\/24449"}],"wp:attachment":[{"href":"https:\/\/no26yapi.com\/index.php?rest_route=%2Fwp%2Fv2%2Fmedia&parent=2161"}],"curies":[{"name":"wp","href":"https:\/\/api.w.org\/{rel}","templated":true}]}}